
{"id":13310,"date":"2024-07-23T13:44:06","date_gmt":"2024-07-23T13:44:06","guid":{"rendered":"https:\/\/research.unl.edu\/majorawards\/2024\/?page_id=13310"},"modified":"2024-11-05T15:59:28","modified_gmt":"2024-11-05T15:59:28","slug":"published-books-and-chapters","status":"publish","type":"page","link":"https:\/\/research.unl.edu\/majorawards\/2024\/published-books-and-chapters\/","title":{"rendered":"Published Books and Chapters"},"content":{"rendered":"\n<p>Faculty who wrote or edited books or chapters in books published July 1, 2023\u2013June 30, 2024. <strong>UNL co-authors\/editors<\/strong> (identified by those who submitted items for inclusion) are designated in boldface. <em>Submitted by faculty, chairs\/heads or deans.<\/em><\/p>\n\n\n<div class=\"award_blocks\">\n\t\t\t<div class=\"award_container published-books-and-chapters\"><div class=\"award_header\"><h2>Crystal Bock Thiessen<\/h2><div class=\"department\">Programs in English as a Second Language\/Global Affairs<\/div><\/div><div class=\"secondary_award_content_container\"><div class=\"award_content\">\n<p class=\"book other_content\">Chapter Author. With Diane Larsen-Freeman, Jason Litzenberg et al. Where to from here? Continuing to innovate, respond, and reform in IEPS. In Jason Litzenberg (Ed.), <em>From Start to Future: Innovation in University-based Intensive English Programs<\/em>. Bristol, UK: Multilingual\u00a0Matters. <br><\/p>\n<\/div><\/div><\/div>\n\t\t\t<div class=\"award_container published-books-and-chapters\"><div class=\"award_header\"><h2>Kelli S. Boling<\/h2><div class=\"department\">Advertising and Public Relations<\/div><\/div><div class=\"secondary_award_content_container\"><div class=\"award_content\">\n<p class=\"book other_content\">Chapter Author. With <strong>Ashia Aubrey<\/strong>. Black, brown, and financially thriving: Redefining economic podcasting. In <strong>Joseph Weber<\/strong>, Richard Dunham (Eds.), <em>The Routledge Companion to Business Journalism<\/em>. New York, NY: Routledge. <br><\/p>\n<\/div><\/div><\/div>\n\t\t\t<div class=\"award_container published-books-and-chapters\"><div class=\"award_header\"><h2>Ian M. Borden<\/h2><div class=\"department\">Johnny Carson School of Theatre and Film<\/div><\/div><div class=\"secondary_award_content_container\"><div class=\"award_content\">\r\n            \r\n            <p class=\"book other_content\">Chapter Author. With Susan Paun de Garcia, Ben Gunter, Kerry Wilks, Tony Grubbs, Kathleen Costales, Alejandra Rodriguez-Villar. Calder&oacute;n onstage in Spanish Florida: Context, text, and reconstruction. In Erin A. Cowling, Esther Fern&aacute;ndez, Glenda Y. Nieto-Cuebas, Susan Pa&uacute;n de Garc\u00eda (Eds.), <em>The <em>Comedia<\/em> Between Worlds\/La Comedia entre mundos<\/em>. Santander, Spain: Casa-Museo de Men&eacute;ndez Pelayo. <br><\/p>\r\n            \r\n            <\/div><\/div><\/div>\n\t\t\t<div class=\"award_container published-books-and-chapters\"><div class=\"secondary_award_content_container\"><div class=\"award_content\">\r\n            \r\n            <p class=\"book other_content\">Editor. With Kerry Wilks. <em>The Entrem&eacute;s for Performance: Translations of Short Spanish Golden Age Plays<\/em>. Liverpool, UK: Liverpool University Press: Aris and Phillips Hispanic Classics. <br><\/p>\r\n            \r\n            <\/div><\/div><\/div>\n\t\t\t<div class=\"award_container published-books-and-chapters\"><div class=\"award_header\"><h2>Stephen M. Buhler<\/h2><div class=\"department\">English<\/div><\/div><div class=\"secondary_award_content_container\"><div class=\"award_content\">\r\n            \r\n            <p class=\"book other_content\">Chapter Author. Quoting Milton in musical appropriations. In Angelica Duran, Islam Issa (Eds.), <em>Milton Across Borders and Media<\/em>. Oxford, UK: Oxford University Press. <br><\/p>\r\n            \r\n            <\/div><\/div><\/div>\n\t\t\t<div class=\"award_container published-books-and-chapters\"><div class=\"secondary_award_content_container\"><div class=\"award_content\">\r\n            \r\n            <p class=\"book other_content\">Chapter Author. Musical self-marketing and the Shakespeare brand: Ellington, Albertazzi, D. Marsalis, R. Wainwright. In Marta Minier, Maria Elisa Montironi, Cristina Paravano (Eds.), <em>Local\/Global Shakespeare in Advertising<\/em>. New York, NY: Routledge. <br><\/p>\r\n            \r\n            <\/div><\/div><\/div>\n\t\t\t<div class=\"award_container published-books-and-chapters\"><div class=\"award_header\"><h2>Anthony Bushard<\/h2><div class=\"department\">Glenn Korff School of Music<\/div><\/div><div class=\"secondary_award_content_container\"><div class=\"award_content\">\r\n            \r\n            <p class=\"book other_content\">Chapter Author. Film. In Elizabeth A. Wells (Eds.), <em>Leonard Bernstein in Context<\/em>. Cambridge, UK: Cambridge University Press. <br><\/p>\r\n            \r\n            <\/div><\/div><\/div>\n\t\t\t<div class=\"award_container published-books-and-chapters\"><div class=\"award_header\"><h2>Theresa Catalano<\/h2><div class=\"department\">Teaching, Learning and Teacher Education<\/div><\/div><div class=\"secondary_award_content_container\"><div class=\"award_content\">\r\n            \r\n            <p class=\"book other_content\">Chapter Author. With <strong>Ted Hamann<\/strong> and V&iacute;ctor Z&uacute;&ntilde;iga. Teacher educators following the steps of transnational students: Virtual exchanges in teacher education programs between Mexico and the U.S. In Fred Dervin, Jun Peng, Virginie Tremion (Eds.), <em>Interculturality Online: Ideological Constructions and Considerations for Higher Education<\/em>. London, UK: Routledge. <br><\/p>\r\n            \r\n            <\/div><\/div><\/div>\n\t\t\t<div class=\"award_container published-books-and-chapters\"><div class=\"award_header\"><h2>Maria de Guzman<\/h2><div class=\"department\">Child, Youth and Family Studies<\/div><\/div><div class=\"secondary_award_content_container\"><div class=\"award_content\">\r\n            \r\n            <p class=\"book other_content\">Editor. With <strong> Holly Hatton<\/strong>. <em>Extension Education and the Social Sciences: Uplifting Children, Youth, Families, and Communities<\/em>. Cambridge, UK: Cambridge University Press. <br><\/p>\r\n            \r\n            <\/div><\/div><\/div>\n\t\t\t<div class=\"award_container published-books-and-chapters\"><div class=\"award_header\"><h2>Erica DeFrain<\/h2><div class=\"department\">University Libraries<\/div><\/div><div class=\"secondary_award_content_container\"><div class=\"award_content\">\r\n            \r\n            <p class=\"book other_content\">Chapter Author. Universal design for learning as a framework for expanding liaison work and engaging with students. In Rachel M. McMullin, Danielle Skaggs (Eds.), <em>Universal Design for Learning in Academic Libraries: Theory into Practice<\/em>. Chicago, IL: ACRL Press. <br><\/p>\r\n            \r\n            <\/div><\/div><\/div>\n\t\t\t<div class=\"award_container published-books-and-chapters\"><div class=\"award_header\"><h2>Robert Dyer<\/h2><div class=\"department\">Computing<\/div><\/div><div class=\"secondary_award_content_container\"><div class=\"award_content\">\r\n            \r\n            <p class=\"book other_content\">Chapter Author. With Brian Sigurdson, Samuel W. Flint. Boidae: Your personal mining platform. In Ana Paiva, Rui Abreu, Abhik Roychudhury, Margaret Storey (Eds.), <em>Proceedings of the 46th IEEE\/ACM International Conference on Software Engineering<\/em>. New York, NY: Association for Computing Machinery. <br><\/p>\r\n            \r\n            <\/div><\/div><\/div>\n\t\t\t<div class=\"award_container published-books-and-chapters\"><div class=\"secondary_award_content_container\"><div class=\"award_content\">\r\n            \r\n            <p class=\"book other_content\">Chapter Author. With David OBrien, Tien N. Nguyen, Hridesh Rajan. Data-driven evidence-based syntactic sugar design. In Ana Paiva, Rui Abreu, Abhik Roychudhury, Margaret Storey (Eds.), <em>Proceedings of the 46th IEEE\/ACM International Conference on Software Engineering<\/em>. New York, NY: Association for Computing Machinery. <br><\/p>\r\n            \r\n            <\/div><\/div><\/div>\n\t\t\t<div class=\"award_container published-books-and-chapters\"><div class=\"award_header\"><h2>Sue A. Gardner<\/h2><div class=\"department\">University Libraries<\/div><\/div><div class=\"secondary_award_content_container\"><div class=\"award_content\">\n<p class=\"book other_content\">Chapter Author. With <strong>Paul Royster<\/strong>. Gray literature in the institutional repository: Partnership between the University of Nebraska-Lincoln Libraries and two textile societies. In Josh C. Cromwell (Ed.), <em>Rethinking Institutional Repositories: Innovations in Management, Collections, and Inclusion<\/em>. Chicago, IL: Association of College and Research Libraries\/American Library Association. <br><\/p>\n<\/div><\/div><\/div>\n\t\t\t<div class=\"award_container published-books-and-chapters\"><div class=\"award_header\"><h2>Lauren Gatti<\/h2><div class=\"department\">Teaching, Learning and Teacher Education<\/div><\/div><div class=\"secondary_award_content_container\"><div class=\"award_content\">\r\n            \r\n            <p class=\"book other_content\">Author. With Viv Ellis, Warwick Mansell. <em>The New Political Economy of Teacher Education: The Enterprise Narrative and the Shadow State<\/em>. Bristol, UK: Policy Press. <br><\/p>\r\n            \r\n            <\/div><\/div><\/div>\n\t\t\t<div class=\"award_container published-books-and-chapters\"><div class=\"award_header\"><h2>Troy E. Gilmore<\/h2><div class=\"department\">Natural Resources\/Biological Systems Engineering<\/div><\/div><div class=\"secondary_award_content_container\"><div class=\"award_content\">\r\n            \r\n            <p class=\"book other_content\">Author. With D. Kip Solomon. <em>Age Dating Young Groundwater: How to Determine Groundwater Age from Environmental Tracer Data<\/em>. Guelph, Ontario, Canada: The Groundwater Project. <br><\/p>\r\n            \r\n            <\/div><\/div><\/div>\n\t\t\t<div class=\"award_container published-books-and-chapters\"><div class=\"award_header\"><h2>Iker Gonz&aacute;lez-Allende<\/h2><div class=\"department\">Modern Languages and Literatures<\/div><\/div><div class=\"secondary_award_content_container\"><div class=\"award_content\">\r\n            \r\n            <p class=\"book other_content\">Chapter Author. El feminismo colectivo y la sexualidad perra de Itziar Ziga. In Ricardo de la Fuente Ballesteros, Jes&uacute;s P&eacute;rez Magall&oacute;n (Eds.), <em>Aspectos de la diversidad en la cultura hisp&aacute;nica<\/em>. Valladolid, Spain: Universitas Castellae. <br><\/p>\r\n            \r\n            <\/div><\/div><\/div>\n\t\t\t<div class=\"award_container published-books-and-chapters\"><div class=\"secondary_award_content_container\"><div class=\"award_content\">\n<p class=\"book other_content\">Chapter Author. El mito del gudari: La masculinidad del soldado vasco en <em>Euzkadi en llamas<\/em> de Ram\u00f3n Belaustegigoitia. In Carmen Gil Fombellida, Jos\u00e9 Ram\u00f3n Zabala Agirre (Eds.), <em>Los mitos del exilio 1936-1939<\/em>. Donostia, Spain: Hamaika Bide. <br><\/p>\n<\/div><\/div><\/div>\n\t\t\t<div class=\"award_container published-books-and-chapters\"><div class=\"award_header\"><h2>Frauke Hachtmann<\/h2><div class=\"department\">Advertising and Public Relations\/Sports Media and Communication<\/div><\/div><div class=\"secondary_award_content_container\"><div class=\"award_content\">\r\n            \r\n            <p class=\"book other_content\">Author. <em>Crisis Response Advertising: Insights and Implications from COVID-19<\/em>. New York, NY: Routledge. <br><\/p>\r\n            \r\n            <\/div><\/div><\/div>\n\t\t\t<div class=\"award_container published-books-and-chapters\"><div class=\"award_header\"><h2>Edmund T. Hamann<\/h2><div class=\"department\">Teaching, Learning and Teacher Education<\/div><\/div><div class=\"secondary_award_content_container\"><div class=\"award_content\">\r\n            \r\n            <p class=\"book other_content\">Chapter Author. With V&iacute;\u00adctor Z&uacute;&ntilde;iga. Lo que los educadores de M&eacute;xico y Estados Unidos deben saber y reconocer para atender las necesidades educativas de los estudiantes transnacionales. In Patricia G&aacute;dara, Bryant Jensen (Eds.), <em>Los estudiantes que compartimos: La formaci&oacute;n de los educadores estadounidenses y mexicanos para nuestro future transnacional<\/em>. Cuernavaca, Morelos, Mexico: Universidad Aut&oacute;noma del Estado de Morelos. <br><\/p>\r\n            \r\n            <\/div><\/div><\/div>\n\t\t\t<div class=\"award_container published-books-and-chapters\"><div class=\"award_header\"><h2>Rumiko Handa<\/h2><div class=\"department\">Architecture<\/div><\/div><div class=\"secondary_award_content_container\"><div class=\"award_content\">\r\n            \r\n            <p class=\"book other_content\">Chapter Author. Architectural reconstruction reconsidered: Cases from the postwar reconstruction of Germany. In Zolt&aacute;n Somhegyi and Lisa Giombini (Eds.), <em>The Routledge Companion to the Philosophy of Architectural Reconstruction<\/em>. New York\/London, NY\/UK: Routledge. <br><\/p>\r\n            \r\n            <\/div><\/div><\/div>\n\t\t\t<div class=\"award_container published-books-and-chapters\"><div class=\"award_header\"><h2>Gary L. Hein<\/h2><div class=\"department\">Entomology\/Plant Health Program<\/div><\/div><div class=\"secondary_award_content_container\"><div class=\"award_content\">\r\n            \r\n            <p class=\"book other_content\">Editor. With Michael J. Brewer. <em>Arthropod Management and Landscape Considerations in Large-Scale Agroecosystems<\/em>. Wallingford, Oxfordshire, UK: CAB International. <br><\/p>\r\n            \r\n            <\/div><\/div><\/div>\n\t\t\t<div class=\"award_container published-books-and-chapters\"><div class=\"award_header\"><h2>Brian M. Kelly<\/h2><div class=\"department\">Architecture<\/div><\/div><div class=\"secondary_award_content_container\"><div class=\"award_content\">\r\n            \r\n            <p class=\"book other_content\">Editor. With Frank Jacobus. <em>Artificial Intelligent Architecture<\/em>. Novato, CA: ORO Editions. <br><\/p>\r\n            \r\n            <\/div><\/div><\/div>\n\t\t\t<div class=\"award_container published-books-and-chapters\"><div class=\"award_header\"><h2>Oleh Khalimonchuk<\/h2><div class=\"department\">Biochemistry<\/div><\/div><div class=\"secondary_award_content_container\"><div class=\"award_content\">\n<p class=\"book other_content\">Chapter Author. With <strong>Gunjan Purohit<\/strong>. Proteolytic regulation of mitochondrial architecture. In A.S. Reichert (Ed.), <em>The Dynamic Nature of Mitochondria<\/em>. Boca Raton, FL: CRC Press. <br><\/p>\n<\/div><\/div><\/div>\n\t\t\t<div class=\"award_container published-books-and-chapters\"><div class=\"secondary_award_content_container\"><div class=\"award_content\">\r\n            \r\n            <p class=\"book other_content\">Editor. <em>Iron Metabolism: Methods and Protocols<\/em>. New York, NY: Humana. <br><\/p>\r\n            \r\n            <\/div><\/div><\/div>\n\t\t\t<div class=\"award_container published-books-and-chapters\"><div class=\"award_header\"><h2>Tom Larson<\/h2><div class=\"department\">Glenn Korff School of Music\/Johnny Carson Center for Emerging Media Arts<\/div><\/div><div class=\"secondary_award_content_container\"><div class=\"award_content\">\r\n            \r\n            <p class=\"book other_content\">Author. <em>History and Tradition of Country Music<\/em>. Dubuque, IA: Kendall-Hunt. <br><\/p>\r\n            \r\n            <\/div><\/div><\/div>\n\t\t\t<div class=\"award_container published-books-and-chapters\"><div class=\"award_header\"><h2>Jennifer McKitrick<\/h2><div class=\"department\">Philosophy<\/div><\/div><div class=\"secondary_award_content_container\"><div class=\"award_content\">\r\n            \r\n            <p class=\"book other_content\">Chapter Author. Dispositional properties. In Anthony Fischer, Anna Sofia Maurin (Eds.), <em>Routledge Handbook on Properties<\/em>. Oxfordshire, UK: Routledge. <br><\/p>\r\n            \r\n            <\/div><\/div><\/div>\n\t\t\t<div class=\"award_container published-books-and-chapters\"><div class=\"secondary_award_content_container\"><div class=\"award_content\">\r\n            \r\n            <p class=\"book other_content\">Chapter Author. The metaphysics of artificial dispositions. In Anna Marmadoro, William Bauer (Eds.), <em>Artificial Dispositions<\/em>. London, UK: Bloomsbury. <br><\/p>\r\n            \r\n            <\/div><\/div><\/div>\n\t\t\t<div class=\"award_container published-books-and-chapters\"><div class=\"award_header\"><h2>Patrice C. McMahon<\/h2><div class=\"department\">Political Science\/University Honors Program<\/div><\/div><div class=\"secondary_award_content_container\"><div class=\"award_content\">\r\n            \r\n            <p class=\"book other_content\">Editor. With Paula Pickering and Dorota Piertrzyk-Reeves. <em>Activism in Hard Times in Central and Eastern Europe: People Power<\/em>. London, UK: Routledge. <br><\/p>\r\n            \r\n            <\/div><\/div><\/div>\n\t\t\t<div class=\"award_container published-books-and-chapters\"><div class=\"award_header\"><h2>Morgan E. Palmer<\/h2><div class=\"department\">Classics and Religious Studies\/Women's and Gender Studies<\/div><\/div><div class=\"secondary_award_content_container\"><div class=\"award_content\">\n<p class=\"book other_content\">Chapter Author. The fictores and the epigraphic habit in the <em>Atrium Vestae<\/em>. In Rebecca R. Benefiel, Catherine M. Keesling (Eds.), <em>Inscriptions and the Epigraphic Habit: The Epigraphic Cultures of Greece, Rome, and Beyond<\/em>. Leiden, Netherlands; Boston, MA: Brill. <br><\/p>\n<\/div><\/div><\/div>\n\t\t\t<div class=\"award_container published-books-and-chapters\"><div class=\"award_header\"><h2>Stefanie S. Pearlman<\/h2><div class=\"department\">College of Law\/Schmid Law Library<\/div><\/div><div class=\"secondary_award_content_container\"><div class=\"award_content\">\r\n            \r\n            <p class=\"book other_content\">Author. With Melissa M. Serfass. <em>Animal Welfare Laws: A Legal Research Guide<\/em>. Getzville, NY: William S. Hein &amp; Co., Inc. <br><\/p>\r\n            \r\n            <\/div><\/div><\/div>\n\t\t\t<div class=\"award_container published-books-and-chapters\"><div class=\"award_header\"><h2>Brian A. Petrotta<\/h2><div class=\"department\">Sports Media and Communication<\/div><\/div><div class=\"secondary_award_content_container\"><div class=\"award_content\">\n<p class=\"book other_content\">Chapter Author. The 1871 Louisville Grays. In Jimmy Sanderson (Ed.), <em>Corruption and Scandal in American Sport<\/em>. New York, NY: Bloomsbury Publishing. <br><\/p>\n<\/div><\/div><\/div>\n\t\t\t<div class=\"award_container published-books-and-chapters\"><div class=\"secondary_award_content_container\"><div class=\"award_content\">\n<p class=\"book other_content\">Chapter Author. Collegiate esports: Pedagogy, concerns, and connection during the COVID crisis. In Lee Farquhar, Ryan Rogers (Eds.), <em>Esports Motivations: What&#8217;s Driving the Fastest Growing Sports Phenomenon?<\/em> Lanham, MD: Lexington Books. <br><\/p>\n<\/div><\/div><\/div>\n\t\t\t<div class=\"award_container published-books-and-chapters\"><div class=\"award_header\"><h2>Kenneth M. Price<\/h2><div class=\"department\">English<\/div><\/div><div class=\"secondary_award_content_container\"><div class=\"award_content\">\r\n            \r\n            <p class=\"book other_content\">Editor. With Stefan Sch&ouml;berlein. <em>The Oxford Handbook of Walt Whitman<\/em>. Oxford, UK: Oxford University Press. <br><\/p>\r\n            \r\n            <\/div><\/div><\/div>\n\t\t\t<div class=\"award_container published-books-and-chapters\"><div class=\"award_header\"><h2>Yi Qian<\/h2><div class=\"department\">Electrical and Computer Engineering<\/div><\/div><div class=\"secondary_award_content_container\"><div class=\"award_content\">\r\n            \r\n            <p class=\"book other_content\">Author. With Dongfeng Fang, Rose Qingyang Hu. <em>5G Wireless Network Security and Privacy<\/em>. London, UK: IEEE Press\/Wiley. <br><\/p>\r\n            \r\n            <\/div><\/div><\/div>\n\t\t\t<div class=\"award_container published-books-and-chapters\"><div class=\"secondary_award_content_container\"><div class=\"award_content\">\r\n            \r\n            <p class=\"book other_content\">Author. With Haijian Sun, Rose Qingyang Hu. <em>5G and Beyond Wireless Communication Networks<\/em>. London, UK: IEEE Press\/Wiley. <br><\/p>\r\n            \r\n            <\/div><\/div><\/div>\n\t\t\t<div class=\"award_container published-books-and-chapters\"><div class=\"award_header\"><h2>Guy J. Reynolds<\/h2><div class=\"department\">English<\/div><\/div><div class=\"secondary_award_content_container\"><div class=\"award_content\">\n<p class=\"book other_content\">Chapter Author. Modernism&#8217;s deep roots: The fin-de-si\u00e9cle and the transformation of the American novel. In Mark Whalan (Ed.), <em>The Cambridge History of American Modernism<\/em>. Cambridge, UK: Cambridge University Press. <br><\/p>\n<\/div><\/div><\/div>\n\t\t\t<div class=\"award_container published-books-and-chapters\"><div class=\"award_header\"><h2>Milad Roohi<\/h2><div class=\"department\">Durham School of Architectural Engineering and Construction <\/div><\/div><div class=\"secondary_award_content_container\"><div class=\"award_content\">\n<p class=\"book other_content\">Chapter Author. With B. Behnam, S. Farahani, A. Shojaeian. Seismic multi-hazard risk and resilience modeling of networked infrastructure systems. In Ehsan Noroozinejad Farsangi,\u00a0Mohammad Noori et al. (Eds.), <em>Automation in Construction toward Resilience<\/em>. Boca Raton, FL: CRC Press. <br><\/p>\n\n\n\n<p><\/p>\n<\/div><\/div><\/div>\n\t\t\t<div class=\"award_container published-books-and-chapters\"><div class=\"award_header\"><h2>Jordan Stump<\/h2><div class=\"department\">Modern Languages and Literatures<\/div><\/div><div class=\"secondary_award_content_container\"><div class=\"award_content\">\n<p class=\"book other_content\">Translator. <em>Vengeance Is Mine,<\/em> by Marie Ndiaye. New York, NY: Knopf Books. <br><\/p>\n<\/div><\/div><\/div>\n\t\t\t<div class=\"award_container published-books-and-chapters\"><div class=\"secondary_award_content_container\"><div class=\"award_content\">\n<p class=\"book other_content\">Translator. <em>About Uncle,<\/em> by Rebecca Gisler. San Francisco, CA: Two Lines Press. <br><\/p>\n<\/div><\/div><\/div>\n\t\t\t<div class=\"award_container published-books-and-chapters\"><div class=\"award_header\"><h2>Elizabeth Theiss-Morse<\/h2><div class=\"department\">Political Science<\/div><\/div><div class=\"secondary_award_content_container\"><div class=\"award_content\">\r\n            \r\n            <p class=\"book other_content\">Author. With Jeff Spinner-Halev. <em>Respect and Loathing in American Democracy<\/em>. Chicago, IL: University of Chicago Press. <br><\/p>\r\n            \r\n            <\/div><\/div><\/div>\n\t\t\t<div class=\"award_container published-books-and-chapters\"><div class=\"award_header\"><h2>Mark van Roojen<\/h2><div class=\"department\">Philosophy<\/div><\/div><div class=\"secondary_award_content_container\"><div class=\"award_content\">\n<p class=\"book other_content\">Chapter Author. Does anything we care about distinguish the non-natural from the natural? In P. Bloomfield, D. Copp (Eds.), <em>Oxford Handbook of Moral Realism<\/em>. Oxford, England: Oxford University Press. <br><\/p>\n<\/div><\/div><\/div>\n\t\t\t<div class=\"award_container published-books-and-chapters\"><div class=\"award_header\"><h2>Frans G. von der Dunk<\/h2><div class=\"department\">College of Law\/Space, Cyber and National Security Law<\/div><\/div><div class=\"secondary_award_content_container\"><div class=\"award_content\">\n<p class=\"book other_content\">Chapter Author. National space law. In T. Leclerc (Ed.), <em>Space Law &#8211; Legal Framework for Space Activities<\/em>. London\/Hoboken, UK\/NJ: ISTE\/Wiley. <br><\/p>\n<\/div><\/div><\/div>\n\t\t\t<div class=\"award_container published-books-and-chapters\"><div class=\"award_header\"><h2>Robert H. Woody<\/h2><div class=\"department\">Glenn Korff School of Music<\/div><\/div><div class=\"secondary_award_content_container\"><div class=\"award_content\">\n<p class=\"book other_content\">Author. <em>Music Learning and Development: A Guide to Educational Psychology for Music Teachers<\/em>. Lanham, MD: Rowman &amp; Littlefield\/National Association for Music Education. <br><\/p>\n<\/div><\/div><\/div>\n\t\t\t<div class=\"award_container published-books-and-chapters\"><div class=\"award_header\"><h2>Yan Ruth Xia<\/h2><div class=\"department\">Child, Youth and Family Studies<\/div><\/div><div class=\"secondary_award_content_container\"><div class=\"award_content\">\r\n            \r\n            <p class=\"book other_content\">Editor. With <strong>Maria de Guzman<\/strong>, <strong>Rosario Esteinou, Cody Hollist<\/strong>. <em>Global Perspective on Adolescents and Their Families<\/em>. Cham, Switzerland: Springer. <br><\/p>\r\n            \r\n            <\/div><\/div><\/div><\/div>\n\n\n\n<p><\/p>\n\n\n\n<p><a href=\"https:\/\/research.unl.edu\/majorawards\/2024\/wp-admin\/edit.php?post_type=page\"><\/a><\/p>\n","protected":false},"excerpt":{"rendered":"<p>Faculty who wrote or edited books or chapters in books published July 1, 2023\u2013June 30, 2024. UNL co-authors\/editors (identified by those who submitted items for inclusion) are designated in boldface. Submitted by faculty, chairs\/heads or deans.<\/p>\n","protected":false},"author":1,"featured_media":0,"parent":0,"menu_order":0,"comment_status":"closed","ping_status":"closed","template":"","meta":{"footnotes":""},"class_list":["post-13310","page","type-page","status-publish","hentry"],"_links":{"self":[{"href":"https:\/\/research.unl.edu\/majorawards\/2024\/wp-json\/wp\/v2\/pages\/13310","targetHints":{"allow":["GET"]}}],"collection":[{"href":"https:\/\/research.unl.edu\/majorawards\/2024\/wp-json\/wp\/v2\/pages"}],"about":[{"href":"https:\/\/research.unl.edu\/majorawards\/2024\/wp-json\/wp\/v2\/types\/page"}],"author":[{"embeddable":true,"href":"https:\/\/research.unl.edu\/majorawards\/2024\/wp-json\/wp\/v2\/users\/1"}],"replies":[{"embeddable":true,"href":"https:\/\/research.unl.edu\/majorawards\/2024\/wp-json\/wp\/v2\/comments?post=13310"}],"version-history":[{"count":8,"href":"https:\/\/research.unl.edu\/majorawards\/2024\/wp-json\/wp\/v2\/pages\/13310\/revisions"}],"predecessor-version":[{"id":50478,"href":"https:\/\/research.unl.edu\/majorawards\/2024\/wp-json\/wp\/v2\/pages\/13310\/revisions\/50478"}],"wp:attachment":[{"href":"https:\/\/research.unl.edu\/majorawards\/2024\/wp-json\/wp\/v2\/media?parent=13310"}],"curies":[{"name":"wp","href":"https:\/\/api.w.org\/{rel}","templated":true}]}}